{"id":438,"date":"2026-04-08T13:48:02","date_gmt":"2026-04-08T13:48:02","guid":{"rendered":"https:\/\/www.contributive.org\/?page_id=438"},"modified":"2026-04-08T14:07:13","modified_gmt":"2026-04-08T14:07:13","slug":"enquete-contributive-2021","status":"publish","type":"page","link":"https:\/\/www.contributive.org\/index.php\/enquete-contributive-2021\/","title":{"rendered":"Enqu\u00eate {contributive} 2021"},"content":{"rendered":"\n<h2 class=\"wp-block-heading has-accent-1-color has-text-color has-link-color wp-elements-1d634990277317d801483a0373713434\" style=\"font-size:clamp(18.434px, 1.152rem + ((1vw - 3.2px) * 1.036), 29px);\">L&#8217;action fondatrice<\/h2>\n\n\n\n<p>En 2021, s\u2019est tenue l\u2019enqu\u00eate {contributive}, op\u00e9ration \u00e0 la crois\u00e9e des enqu\u00eates pragmatiques de Dewey, du constructivisme et de la science citoyenne.<\/p>\n\n\n\n<p>Cette op\u00e9ration avait pour objectif de mieux d\u00e9finir le concept d\u2019activit\u00e9 contributive en se tournant vers ses acteurs et de recueillir des \u00e9l\u00e9ments pour mettre en lumi\u00e8re son caract\u00e8re vital.<\/p>\n\n\n\n<p>L&#8217;enqu\u00eate a fait \u00e9merger la figure du <strong>\u00ab&nbsp;contributeur&nbsp;\u00bb,<\/strong> c\u2019est-\u00e0-dire l\u2019individu en tant que \u00ab&nbsp;<strong>citoyen social&nbsp;actif &nbsp;<\/strong>\u00bb. Elle a mis l\u2019accent sur la personne et sur l\u2019importance de ses apports, qui prennent tant de formes diverses, \u00e9clat\u00e9es, invisibilis\u00e9es et uniques.<\/p>\n\n\n\n<p>C&#8217;est pour organiser l&#8217;enqu\u00eate contributive que Carole Lipsyc (\u00e9pist\u00e9mologue) et Laurent Gontier (expert en prospective RH) ont constitu\u00e9 le collectif citoyen <strong>\u00ab<\/strong>Initiative contributive <strong>\u00bb<\/strong>, lequel a donn\u00e9 naissance, en 2025, au think tank du m\u00eame nom.<\/p>\n\n\n\n<h2 class=\"wp-block-heading has-accent-1-color has-text-color has-link-color wp-elements-93a8ccffdee8bd019f42d9f735b42b59\" style=\"font-size:clamp(18.434px, 1.152rem + ((1vw - 3.2px) * 1.036), 29px);\">Une enqu\u00eate, une exp\u00e9rimentation et une d\u00e9claration<\/h2>\n\n\n\n<p>Apr\u00e8s une phase de conception et de cadrage acad\u00e9mique (juillet 2020 &#8211; f\u00e9vrier 2021), l&#8217;enqu\u00eate a s&#8217;est d\u00e9roul\u00e9e du 20 f\u00e9vrier au 30 avril 2021<\/p>\n\n\n\n<p>Elle a r\u00e9uni plus de 250 participants et de 60 experts lors de&nbsp;:<\/p>\n\n\n\n<ul class=\"wp-block-list\">\n<li>9 ateliers publics,<\/li>\n\n\n\n<li>3 groupes de travail (GT juridique pr\u00e9sid\u00e9 par Franck Morel, GT \u00e9conomique pr\u00e9sid\u00e9 par Pierre Valentin, cercle inter-entreprises pr\u00e9sid\u00e9 par Maurice Th\u00e9venet)<\/li>\n\n\n\n<li>4 ateliers d\u2019approfondissements avec des publics invit\u00e9s (2 ateliers \u00ab&nbsp;jeunes&nbsp;\u00bb, 1 atelier \u00ab&nbsp;gens du spectacles&nbsp;\u00bb, 1 atelier \u00ab&nbsp;process et indicateurs&nbsp;\u00bb),<\/li>\n\n\n\n<li>13 auditions.<\/li>\n<\/ul>\n\n\n\n<p>Lors de l&#8217;enqu\u00eate, une plateforme de valorisation de l&#8217;activit\u00e9 contributive (SkillMill Contributive) et d&#8217;une m\u00e9thode de mesure de l&#8217;activit\u00e9 contributive ont \u00e9t\u00e9 exp\u00e9riment\u00e9es.<\/p>\n\n\n\n<p>Le 30 avril 2021, l&#8217;enqu\u00eate s&#8217;est conclue avec la proclamation et la signature de la <a href=\"https:\/\/www.contributive.org\/index.php\/la-1ere-declaration-des-droits-du-contributeur\/\" data-type=\"page\" data-id=\"443\">1\u00e8re D\u00e9claration des droits du contributeur <\/a>au Nouveau Th\u00e9\u00e2tre de Montreuil.<\/p>\n\n\n\n<p>Le projet et la plateforme \u00e9taient labellis\u00e9s par le<a href=\"https:\/\/finance-innovation.org\/\" data-type=\"link\" data-id=\"https:\/\/finance-innovation.org\/\"> p\u00f4le de comp\u00e9titivit\u00e9 Finance innovation<\/a>.<\/p>\n\n\n\n<h2 class=\"wp-block-heading\"><a><\/a><a>Les partenaires de l\u2019enqu\u00eate<\/a>&nbsp;<\/h2>\n\n\n\n<p>Les ateliers et l&#8217;enqu\u00eate se sont appuy\u00e9s sur un r\u00e9seau de partenaires :<\/p>\n\n\n\n<p><a href=\"https:\/\/www.univ-paris8.fr\/UR-Laboratoire-Paragraphe\">Laboratoire Paragraphe, Paris 8&nbsp;<\/a>; <a href=\"https:\/\/mathilde-forget.com\/\" data-type=\"link\" data-id=\"https:\/\/mathilde-forget.com\/\">Bilan de Sens<\/a>&nbsp;; <a href=\"https:\/\/mathilde-forget.com\/\" data-type=\"link\" data-id=\"https:\/\/mathilde-forget.com\/\">Maison Kieffer&nbsp;<\/a>; <a href=\"https:\/\/www.agirabcd.eu\/\" data-type=\"link\" data-id=\"https:\/\/www.agirabcd.eu\/\">AGIRabcd&nbsp;<\/a>; <a href=\"https:\/\/www.montreuil.fr\/ville-et-citoyennete\/vie-associative\/la-ville-vous-soutient-et-vous-informe\/la-maison-des-associations-et-des-initiatives-citoyennes\">Maison des Associations et des Initiatives Citoyennes de Montreuil<\/a>, <a href=\"https:\/\/finance-innovation.org\/\">Finance Innovation<\/a>, <a href=\"https:\/\/www.colau.co\/\" data-type=\"link\" data-id=\"https:\/\/www.colau.co\/\">Colau UX Agency<\/a>, <a href=\"https:\/\/www.francealzheimer.org\/\" data-type=\"link\" data-id=\"https:\/\/www.francealzheimer.org\/\">France Alzheimer<\/a>, <a href=\"https:\/\/cnosf.franceolympique.com\/\" data-type=\"link\" data-id=\"https:\/\/cnosf.franceolympique.com\/\">Le CNOSF,<\/a> <a href=\"https:\/\/www.livevents.fr\/\">Livevent<\/a>, <a href=\"https:\/\/theatrepublicmontreuil.com\/\" data-type=\"link\" data-id=\"https:\/\/theatrepublicmontreuil.com\/\">Le Nouveau Th\u00e9\u00e2tre de Montreuil<\/a> et Ingies.<\/p>\n\n\n\n<h2 class=\"wp-block-heading has-accent-1-color has-text-color has-link-color wp-elements-4e815693332ecf39d7da5ed2642e627e\">Ressources&nbsp;<\/h2>\n\n\n\n<p>Voir les ateliers et la soir\u00e9e de conclusion en replay<\/p>\n\n\n\n<p>Lire le rapport de l&#8217;enqu\u00eate<\/p>\n\n\n\n<p>D\u00e9couvrir et signer la 1\u00e8re d\u00e9claration des droits du contributeur<\/p>\n","protected":false},"excerpt":{"rendered":"<p>L&#8217;action fondatrice En 2021, s\u2019est tenue l\u2019enqu\u00eate {contributive}, op\u00e9ration \u00e0 la crois\u00e9e des enqu\u00eates pragmatiques de Dewey, du constructivisme et de la science citoyenne. Cette op\u00e9ration avait pour objectif de mieux d\u00e9finir le concept d\u2019activit\u00e9 contributive en se tournant vers ses acteurs et de recueillir des \u00e9l\u00e9ments pour mettre en lumi\u00e8re son caract\u00e8re vital. L&#8217;enqu\u00eate [&hellip;]<\/p>\n","protected":false},"author":1,"featured_media":0,"parent":0,"menu_order":0,"comment_status":"closed","ping_status":"closed","template":"","meta":{"footnotes":""},"class_list":["post-438","page","type-page","status-publish","hentry"],"_links":{"self":[{"href":"https:\/\/www.contributive.org\/index.php\/wp-json\/wp\/v2\/pages\/438","targetHints":{"allow":["GET"]}}],"collection":[{"href":"https:\/\/www.contributive.org\/index.php\/wp-json\/wp\/v2\/pages"}],"about":[{"href":"https:\/\/www.contributive.org\/index.php\/wp-json\/wp\/v2\/types\/page"}],"author":[{"embeddable":true,"href":"https:\/\/www.contributive.org\/index.php\/wp-json\/wp\/v2\/users\/1"}],"replies":[{"embeddable":true,"href":"https:\/\/www.contributive.org\/index.php\/wp-json\/wp\/v2\/comments?post=438"}],"version-history":[{"count":6,"href":"https:\/\/www.contributive.org\/index.php\/wp-json\/wp\/v2\/pages\/438\/revisions"}],"predecessor-version":[{"id":450,"href":"https:\/\/www.contributive.org\/index.php\/wp-json\/wp\/v2\/pages\/438\/revisions\/450"}],"wp:attachment":[{"href":"https:\/\/www.contributive.org\/index.php\/wp-json\/wp\/v2\/media?parent=438"}],"curies":[{"name":"wp","href":"https:\/\/api.w.org\/{rel}","templated":true}]}}