{"id":443,"date":"2026-04-08T14:06:38","date_gmt":"2026-04-08T14:06:38","guid":{"rendered":"https:\/\/www.contributive.org\/?page_id=443"},"modified":"2026-04-08T14:06:38","modified_gmt":"2026-04-08T14:06:38","slug":"la-1ere-declaration-des-droits-du-contributeur","status":"publish","type":"page","link":"https:\/\/www.contributive.org\/index.php\/la-1ere-declaration-des-droits-du-contributeur\/","title":{"rendered":"La 1\u00e8re D\u00e9claration des droits du contributeur"},"content":{"rendered":"\n<p>La 1\u00e8re D\u00e9claration des droits du contributeur a \u00e9t\u00e9 \u00e9crite par l\u2019initiative {contributive} et proclam\u00e9e au Nouveau Th\u00e9\u00e2tre de Montreuil le 30 avril 2021. <\/p>\n\n\n\n<p>Il s&#8217;agit d&#8217;une &#8220;premi\u00e8re&#8221; d\u00e9claration car elle a vocation \u00e0 \u00e9voluer au fil des travaux sur l&#8217;activit\u00e9 contributive et de l&#8217;\u00e9largissement de ses signataires.<\/p>\n\n\n\n<p>La composition et le fa\u00e7onnage de l&#8217;objet ont \u00e9t\u00e9 r\u00e9alis\u00e9s par Ariel Fleiszbein, <a href=\"http:\/\/ateliermurr.com\/\" data-type=\"link\" data-id=\"http:\/\/ateliermurr.com\/\">atelier m.u.r.r.<\/a> <\/p>\n\n\n\n<p>L\u2019illustration a \u00e9t\u00e9 cr\u00e9\u00e9e par <a href=\"https:\/\/www.chiaradattola.com\/\" data-type=\"link\" data-id=\"https:\/\/www.chiaradattola.com\/\">Chiara Dattola.<\/a><\/p>\n\n\n\n<p>La 1\u00e8re D\u00e9claration des droits du contributeur a donn\u00e9 lieu \u00e0 100 tirages num\u00e9rot\u00e9s<\/p>\n\n\n\n<figure class=\"wp-block-image aligncenter size-large\"><img loading=\"lazy\" decoding=\"async\" width=\"723\" height=\"1024\" src=\"https:\/\/www.contributive.org\/wp-content\/uploads\/2026\/04\/preambule-723x1024.png\" alt=\"\" class=\"wp-image-445\" srcset=\"https:\/\/www.contributive.org\/wp-content\/uploads\/2026\/04\/preambule-723x1024.png 723w, https:\/\/www.contributive.org\/wp-content\/uploads\/2026\/04\/preambule-212x300.png 212w, https:\/\/www.contributive.org\/wp-content\/uploads\/2026\/04\/preambule-768x1088.png 768w, https:\/\/www.contributive.org\/wp-content\/uploads\/2026\/04\/preambule.png 1025w\" sizes=\"auto, (max-width: 723px) 100vw, 723px\" \/><\/figure>\n\n\n\n<div style=\"height:49px\" aria-hidden=\"true\" class=\"wp-block-spacer\"><\/div>\n\n\n\n<figure class=\"wp-block-image aligncenter size-large\"><img loading=\"lazy\" decoding=\"async\" width=\"724\" height=\"1024\" src=\"https:\/\/www.contributive.org\/wp-content\/uploads\/2026\/04\/DROITS-724x1024.png\" alt=\"\" class=\"wp-image-446\" srcset=\"https:\/\/www.contributive.org\/wp-content\/uploads\/2026\/04\/DROITS-724x1024.png 724w, https:\/\/www.contributive.org\/wp-content\/uploads\/2026\/04\/DROITS-212x300.png 212w, https:\/\/www.contributive.org\/wp-content\/uploads\/2026\/04\/DROITS-768x1086.png 768w, https:\/\/www.contributive.org\/wp-content\/uploads\/2026\/04\/DROITS.png 932w\" sizes=\"auto, (max-width: 724px) 100vw, 724px\" \/><\/figure>\n\n\n\n<div style=\"height:43px\" aria-hidden=\"true\" class=\"wp-block-spacer\"><\/div>\n\n\n\n<figure class=\"wp-block-image aligncenter size-full\"><img loading=\"lazy\" decoding=\"async\" width=\"457\" height=\"666\" src=\"https:\/\/www.contributive.org\/wp-content\/uploads\/2026\/04\/declaration-illustration.png\" alt=\"\" class=\"wp-image-447\" srcset=\"https:\/\/www.contributive.org\/wp-content\/uploads\/2026\/04\/declaration-illustration.png 457w, https:\/\/www.contributive.org\/wp-content\/uploads\/2026\/04\/declaration-illustration-206x300.png 206w\" sizes=\"auto, (max-width: 457px) 100vw, 457px\" \/><\/figure>\n\n\n\n<div style=\"height:33px\" aria-hidden=\"true\" class=\"wp-block-spacer\"><\/div>\n\n\n\n<figure class=\"wp-block-image aligncenter size-large\"><img loading=\"lazy\" decoding=\"async\" width=\"1024\" height=\"710\" src=\"https:\/\/www.contributive.org\/wp-content\/uploads\/2026\/04\/couverture-1024x710.jpg\" alt=\"\" class=\"wp-image-448\" srcset=\"https:\/\/www.contributive.org\/wp-content\/uploads\/2026\/04\/couverture-1024x710.jpg 1024w, https:\/\/www.contributive.org\/wp-content\/uploads\/2026\/04\/couverture-300x208.jpg 300w, https:\/\/www.contributive.org\/wp-content\/uploads\/2026\/04\/couverture-768x532.jpg 768w, https:\/\/www.contributive.org\/wp-content\/uploads\/2026\/04\/couverture-1536x1064.jpg 1536w, https:\/\/www.contributive.org\/wp-content\/uploads\/2026\/04\/couverture-2048x1419.jpg 2048w\" sizes=\"auto, (max-width: 1024px) 100vw, 1024px\" \/><\/figure>\n","protected":false},"excerpt":{"rendered":"<p>La 1\u00e8re D\u00e9claration des droits du contributeur a \u00e9t\u00e9 \u00e9crite par l\u2019initiative {contributive} et proclam\u00e9e au Nouveau Th\u00e9\u00e2tre de Montreuil le 30 avril 2021. Il s&#8217;agit d&#8217;une &#8220;premi\u00e8re&#8221; d\u00e9claration car elle a vocation \u00e0 \u00e9voluer au fil des travaux sur l&#8217;activit\u00e9 contributive et de l&#8217;\u00e9largissement de ses signataires. La composition et le fa\u00e7onnage de l&#8217;objet [&hellip;]<\/p>\n","protected":false},"author":1,"featured_media":0,"parent":0,"menu_order":0,"comment_status":"closed","ping_status":"closed","template":"","meta":{"footnotes":""},"class_list":["post-443","page","type-page","status-publish","hentry"],"_links":{"self":[{"href":"https:\/\/www.contributive.org\/index.php\/wp-json\/wp\/v2\/pages\/443","targetHints":{"allow":["GET"]}}],"collection":[{"href":"https:\/\/www.contributive.org\/index.php\/wp-json\/wp\/v2\/pages"}],"about":[{"href":"https:\/\/www.contributive.org\/index.php\/wp-json\/wp\/v2\/types\/page"}],"author":[{"embeddable":true,"href":"https:\/\/www.contributive.org\/index.php\/wp-json\/wp\/v2\/users\/1"}],"replies":[{"embeddable":true,"href":"https:\/\/www.contributive.org\/index.php\/wp-json\/wp\/v2\/comments?post=443"}],"version-history":[{"count":1,"href":"https:\/\/www.contributive.org\/index.php\/wp-json\/wp\/v2\/pages\/443\/revisions"}],"predecessor-version":[{"id":449,"href":"https:\/\/www.contributive.org\/index.php\/wp-json\/wp\/v2\/pages\/443\/revisions\/449"}],"wp:attachment":[{"href":"https:\/\/www.contributive.org\/index.php\/wp-json\/wp\/v2\/media?parent=443"}],"curies":[{"name":"wp","href":"https:\/\/api.w.org\/{rel}","templated":true}]}}