{"id":452,"date":"2026-04-08T14:58:25","date_gmt":"2026-04-08T14:58:25","guid":{"rendered":"https:\/\/www.contributive.org\/?page_id=452"},"modified":"2026-04-08T14:58:25","modified_gmt":"2026-04-08T14:58:25","slug":"premiere-mesure-radicale-de-lactivite-contributive","status":"publish","type":"page","link":"https:\/\/www.contributive.org\/index.php\/premiere-mesure-radicale-de-lactivite-contributive\/","title":{"rendered":"Premi\u00e8re mesure radicale de l&#8217;activit\u00e9 contributive"},"content":{"rendered":"\n<h2 class=\"wp-block-heading has-accent-1-color has-text-color has-link-color wp-elements-20c8e462ca850f48c4e85b6597d3c8e9\">Mesurer l&#8217;activit\u00e9 contributive pour la rendre visible<\/h2>\n\n\n\n<p>L&#8217;activit\u00e9 contributive est partout, elle soutient l&#8217;\u00e9conomie et la coh\u00e9sion sociale, et pourtant elle est absente des indicateurs qui guident nos politiques publiques. Cette \u00e9tude a cherch\u00e9 \u00e0 changer cela.<\/p>\n\n\n\n<h3 class=\"wp-block-heading has-accent-1-color has-text-color has-link-color wp-elements-a7d9063d4de8189180d5e7050cbda20f\" style=\"font-size:clamp(16.834px, 1.052rem + ((1vw - 3.2px) * 0.899), 26px);\">Un angle mort dans les donn\u00e9es<\/h3>\n\n\n\n<p><a href=\"https:\/\/www.contributive.org\/index.php\/enquete-contributive-2021\/\" data-type=\"page\" data-id=\"438\">L&#8217;enqu\u00eate {contributive}<\/a> men\u00e9e en 2021 a mis en \u00e9vidence une lacune majeure : l&#8217;activit\u00e9 contributive n&#8217;\u00e9tait nulle part estim\u00e9e. Dans un monde o\u00f9 les d\u00e9cisions et les accr\u00e9ditations reposent sur des indicateurs mesurables, ce qui n&#8217;est pas compt\u00e9 n&#8217;existe pas. L&#8217;absence de mesure entra\u00eene l&#8217;absence de reconnaissance, de soutien, et de prise en compte dans les politiques publiques.<\/p>\n\n\n\n<h3 class=\"wp-block-heading has-accent-1-color has-text-color has-link-color wp-elements-f3965fdff3ce4a4fbfff0b107a373f91\" style=\"font-size:clamp(16.834px, 1.052rem + ((1vw - 3.2px) * 0.899), 26px);\">Faire exister par les chiffres<\/h3>\n\n\n\n<p>Pour affirmer le caract\u00e8re vital de l&#8217;activit\u00e9 contributive, l&#8217;Initiative contributive a choisi de la mettre en lumi\u00e8re par une estimation chiffr\u00e9e. Donner des nombres \u00e0 une r\u00e9alit\u00e9 invisible, c&#8217;est lui conf\u00e9rer une existence politique et sociale.<\/p>\n\n\n\n<h2 class=\"wp-block-heading has-accent-1-color has-text-color has-link-color wp-elements-fecb91d6099514190013ab582b7d190b\" style=\"font-size:clamp(16.834px, 1.052rem + ((1vw - 3.2px) * 0.899), 26px);\">Une m\u00e9thode scientifique commune<\/h2>\n\n\n\n<p>Au-del\u00e0 de cet enjeu de visibilit\u00e9, l&#8217;\u00e9tude ambitionne de proposer une m\u00e9thode de mesure unifi\u00e9e, applicable \u00e0 l&#8217;ensemble des domaines de l&#8217;activit\u00e9 contributive. Seule une coh\u00e9rence globale peut produire des donn\u00e9es fiables, capables d&#8217;\u00e9clairer la prise de d\u00e9cision et d&#8217;orienter la gouvernance.<\/p>\n\n\n\n<p class=\"has-text-align-center has-accent-1-color has-text-color has-link-color wp-elements-ec044a1d10b3acecee574c10735ec7cb\"><strong>Ce qui ne se mesure pas ne se gouverne pas. Cette \u00e9tude a construit les premiers indicateurs macro d&#8217;une activit\u00e9 jusqu&#8217;ici invisible.<\/strong><\/p>\n\n\n\n<h2 class=\"wp-block-heading has-accent-1-color has-text-color has-link-color wp-elements-06081aa42d15b1c33a97649f69d678af\" style=\"font-size:clamp(21.027px, 1.314rem + ((1vw - 3.2px) * 1.272), 34px);\">Aper\u00e7u des r\u00e9sultats<\/h2>\n\n\n\n<figure class=\"wp-block-image aligncenter size-full\"><img loading=\"lazy\" decoding=\"async\" width=\"922\" height=\"575\" src=\"https:\/\/www.contributive.org\/wp-content\/uploads\/2026\/04\/Capture-decran-2026-04-08-165624.jpg\" alt=\"\" class=\"wp-image-453\" srcset=\"https:\/\/www.contributive.org\/wp-content\/uploads\/2026\/04\/Capture-decran-2026-04-08-165624.jpg 922w, https:\/\/www.contributive.org\/wp-content\/uploads\/2026\/04\/Capture-decran-2026-04-08-165624-300x187.jpg 300w, https:\/\/www.contributive.org\/wp-content\/uploads\/2026\/04\/Capture-decran-2026-04-08-165624-768x479.jpg 768w\" sizes=\"auto, (max-width: 922px) 100vw, 922px\" \/><\/figure>\n\n\n\n<h2 class=\"wp-block-heading has-accent-1-color has-text-color has-link-color wp-elements-ce9f45f11b96cfe585a6939578a75537\">Ressources<\/h2>\n\n\n\n<p>D\u00e9couvrir les indicateurs<\/p>\n\n\n\n<p>Lire l&#8217;\u00e9tude<\/p>\n\n\n\n<p>Lire la synth\u00e8se<\/p>\n","protected":false},"excerpt":{"rendered":"<p>Mesurer l&#8217;activit\u00e9 contributive pour la rendre visible L&#8217;activit\u00e9 contributive est partout, elle soutient l&#8217;\u00e9conomie et la coh\u00e9sion sociale, et pourtant elle est absente des indicateurs qui guident nos politiques publiques. Cette \u00e9tude a cherch\u00e9 \u00e0 changer cela. Un angle mort dans les donn\u00e9es L&#8217;enqu\u00eate {contributive} men\u00e9e en 2021 a mis en \u00e9vidence une lacune majeure [&hellip;]<\/p>\n","protected":false},"author":1,"featured_media":0,"parent":0,"menu_order":0,"comment_status":"closed","ping_status":"closed","template":"","meta":{"footnotes":""},"class_list":["post-452","page","type-page","status-publish","hentry"],"_links":{"self":[{"href":"https:\/\/www.contributive.org\/index.php\/wp-json\/wp\/v2\/pages\/452","targetHints":{"allow":["GET"]}}],"collection":[{"href":"https:\/\/www.contributive.org\/index.php\/wp-json\/wp\/v2\/pages"}],"about":[{"href":"https:\/\/www.contributive.org\/index.php\/wp-json\/wp\/v2\/types\/page"}],"author":[{"embeddable":true,"href":"https:\/\/www.contributive.org\/index.php\/wp-json\/wp\/v2\/users\/1"}],"replies":[{"embeddable":true,"href":"https:\/\/www.contributive.org\/index.php\/wp-json\/wp\/v2\/comments?post=452"}],"version-history":[{"count":1,"href":"https:\/\/www.contributive.org\/index.php\/wp-json\/wp\/v2\/pages\/452\/revisions"}],"predecessor-version":[{"id":454,"href":"https:\/\/www.contributive.org\/index.php\/wp-json\/wp\/v2\/pages\/452\/revisions\/454"}],"wp:attachment":[{"href":"https:\/\/www.contributive.org\/index.php\/wp-json\/wp\/v2\/media?parent=452"}],"curies":[{"name":"wp","href":"https:\/\/api.w.org\/{rel}","templated":true}]}}