{"id":461,"date":"2026-04-09T13:38:32","date_gmt":"2026-04-09T13:38:32","guid":{"rendered":"https:\/\/www.contributive.org\/?page_id=461"},"modified":"2026-04-09T13:38:32","modified_gmt":"2026-04-09T13:38:32","slug":"etude-sur-les-jop-paris-2024","status":"publish","type":"page","link":"https:\/\/www.contributive.org\/index.php\/etude-sur-les-jop-paris-2024\/","title":{"rendered":"\u00c9tude sur les JOP PARIS 2024"},"content":{"rendered":"\n<p>\u00c0 l\u2019occasion des Jeux olympiques et paralympiques de Paris 2024, un groupe de&nbsp;<a href=\"https:\/\/activite-contributive.org\/index.php\/glossary\/travail\/\">travail<\/a>&nbsp;du&nbsp;<a href=\"https:\/\/contributive.org\/fr\/\">collectif citoyen initiative {contributive}&nbsp;<\/a>s\u2019est constitu\u00e9 pour&nbsp;<strong>estimer l\u2019apport&nbsp;<a href=\"https:\/\/activite-contributive.org\/index.php\/glossary\/contributif\/\">contributif<\/a>&nbsp;\u00e0 l\u2019\u00e9v\u00e9nement.<\/strong><\/p>\n\n\n\n<p>L\u2019<strong>apport contributif&nbsp;<\/strong>d\u00e9signe deux choses :<br>1. essentiellement, tout ce qui a \u00e9t\u00e9 effectu\u00e9 gratuitement ou quasi-gratuitement par les particuliers pour pr\u00e9parer ou encadrer les jeux et les animations p\u00e9riph\u00e9riques, soit \u00ab&nbsp;l\u2019<strong>effort contributif<\/strong>\u00ab&nbsp;<br>2. les d\u00e9penses personnelles g\u00e9n\u00e9r\u00e9es par cet effort (transport, h\u00e9bergement, \u00e9quipement, boissons, etc.), soit \u00ab&nbsp;l\u2019<strong>investissement contributif<\/strong>\u00ab&nbsp;.<\/p>\n\n\n\n<p>Les r\u00e9sultats de cette&nbsp;<strong>estimation sont tr\u00e8s symboliques<\/strong>. Une estimation n\u2019est ni une \u00e9valuation ni une mesure. Elle a pour objectif de&nbsp;<strong>corriger une perception biais\u00e9e du r\u00e9el<\/strong>, et d\u2019appeler \u00e0 une<strong>&nbsp;am\u00e9lioration de la connaissance et de la reconnaissance de la r\u00e9alit\u00e9 contributive dans le monde sportif.<\/strong><\/p>\n\n\n\n<p>On parle en effet g\u00e9n\u00e9ralement de 45 000 volontaires pour les JOP. Or, c\u2019est au moins pr\u00e8s d\u2019<strong>un demi-million<\/strong>&nbsp;<strong>de personnes<\/strong>&nbsp;qui ont contribu\u00e9 \u00e0 la bonne tenue des Jeux de Paris 2024, pour un apport \u00e9valu\u00e9 \u00e0 403 M\u20ac minimum.<\/p>\n\n\n\n<h2 class=\"wp-block-heading has-accent-1-color has-text-color has-link-color wp-elements-24520de01c695e304e22ab3b1feab43a\" style=\"font-size:clamp(16.834px, 1.052rem + ((1vw - 3.2px) * 0.899), 26px);\">Les huit pr\u00e9conisations de l\u2019\u00e9tude<\/h2>\n\n\n\n<ol class=\"wp-block-list\">\n<li>Produire un bilan plus fiable de l\u2019apport contributif aux JOP 2024.<\/li>\n\n\n\n<li>Cr\u00e9er un r\u00e9f\u00e9rentiel et des indicateurs pour l\u2019\u00e9valuation de l\u2019apport contributif dans le sport.<\/li>\n\n\n\n<li>Mettre en place pour tous les grands \u00e9v\u00e9nements sportifs, et notamment les Jeux olympiques et paralympiques, une d\u00e9marche d\u2019observation, de recueil de donn\u00e9es, et d\u2019\u00e9valuation de l\u2019apport contributif.<\/li>\n\n\n\n<li>D\u00e9velopper des strat\u00e9gies de socio-sport et de performance sociale du sport qui s\u2019appuient aussi sur l\u2019activit\u00e9 contributive effectu\u00e9e en soutien de la pratique sportive.<\/li>\n\n\n\n<li>Inclure dans les projets des grands \u00e9v\u00e9nements sportifs, et notamment dans les candidatures aux JOP, un volet \u00ab\u00a0inclusion par l\u2019activit\u00e9 contributive\u00a0\u00bb et \u00ab\u00a0h\u00e9ritage de l\u2019activit\u00e9 contributive\u00a0\u00bb. Evaluer l\u2019<a href=\"https:\/\/activite-contributive.org\/index.php\/glossary\/impact\/\">impact<\/a>\u00a0social des actions mises en \u0153uvre dans le cadre de ces deux volets.<\/li>\n\n\n\n<li>Mener des exp\u00e9rimentations qui permettent de tester des solutions pour accorder des droits sociaux (retraite, arr\u00eat maladie, ch\u00f4mage), ou des r\u00e9mun\u00e9rations, ou des validations d\u2019acquis aussi bien valoris\u00e9es que celle de l\u2019exp\u00e9rience professionnelle, ou un statut juridique, \u00e0 certaines cat\u00e9gories des contributeurs du monde sportif\u00a0: les dirigeants b\u00e9n\u00e9voles, les b\u00e9n\u00e9voles et sportifs de plus de 16 ans qui s\u2019impliquent de mani\u00e8re cons\u00e9quente (\u00e0 partir de l\u2019\u00e9quivalent d\u2019un emploi \u00e0 temps partiel).<\/li>\n\n\n\n<li>Fl\u00e9cher une partie des gains g\u00e9n\u00e9r\u00e9s par la fili\u00e8re sportive et par le Fonds de dotation Paris2024, visant \u00e0 financer des actions qui utilisent le sport pour des finalit\u00e9s\u00a0sociales, vers le financement des exp\u00e9rimentations pour soutenir l\u2019activit\u00e9 contributive des sportifs et des b\u00e9n\u00e9voles.<\/li>\n\n\n\n<li>Faire adopter la\u00a0<a href=\"https:\/\/www.contributive.org\/index.php\/la-1ere-declaration-des-droits-du-contributeur\/\" data-type=\"page\" data-id=\"443\">Premi\u00e8re D\u00e9claration des droits du contributeur<\/a>\u00a0par les grands organismes du mouvement sportif.<\/li>\n<\/ol>\n\n\n\n<h2 class=\"wp-block-heading has-accent-1-color has-text-color has-link-color wp-elements-1f6c57458b542ad3912fdf53e03f3ab4\" style=\"font-size:clamp(16.834px, 1.052rem + ((1vw - 3.2px) * 0.899), 26px);\">Ressources<\/h2>\n\n\n\n<p>Voir l&#8217;\u00e9tude<\/p>\n\n\n\n<p>Voir la tribune dans Le Monde<\/p>\n","protected":false},"excerpt":{"rendered":"<p>\u00c0 l\u2019occasion des Jeux olympiques et paralympiques de Paris 2024, un groupe de&nbsp;travail&nbsp;du&nbsp;collectif citoyen initiative {contributive}&nbsp;s\u2019est constitu\u00e9 pour&nbsp;estimer l\u2019apport&nbsp;contributif&nbsp;\u00e0 l\u2019\u00e9v\u00e9nement. L\u2019apport contributif&nbsp;d\u00e9signe deux choses :1. essentiellement, tout ce qui a \u00e9t\u00e9 effectu\u00e9 gratuitement ou quasi-gratuitement par les particuliers pour pr\u00e9parer ou encadrer les jeux et les animations p\u00e9riph\u00e9riques, soit \u00ab&nbsp;l\u2019effort contributif\u00ab&nbsp;2. les d\u00e9penses personnelles g\u00e9n\u00e9r\u00e9es [&hellip;]<\/p>\n","protected":false},"author":1,"featured_media":0,"parent":0,"menu_order":0,"comment_status":"closed","ping_status":"closed","template":"","meta":{"footnotes":""},"class_list":["post-461","page","type-page","status-publish","hentry"],"_links":{"self":[{"href":"https:\/\/www.contributive.org\/index.php\/wp-json\/wp\/v2\/pages\/461","targetHints":{"allow":["GET"]}}],"collection":[{"href":"https:\/\/www.contributive.org\/index.php\/wp-json\/wp\/v2\/pages"}],"about":[{"href":"https:\/\/www.contributive.org\/index.php\/wp-json\/wp\/v2\/types\/page"}],"author":[{"embeddable":true,"href":"https:\/\/www.contributive.org\/index.php\/wp-json\/wp\/v2\/users\/1"}],"replies":[{"embeddable":true,"href":"https:\/\/www.contributive.org\/index.php\/wp-json\/wp\/v2\/comments?post=461"}],"version-history":[{"count":1,"href":"https:\/\/www.contributive.org\/index.php\/wp-json\/wp\/v2\/pages\/461\/revisions"}],"predecessor-version":[{"id":462,"href":"https:\/\/www.contributive.org\/index.php\/wp-json\/wp\/v2\/pages\/461\/revisions\/462"}],"wp:attachment":[{"href":"https:\/\/www.contributive.org\/index.php\/wp-json\/wp\/v2\/media?parent=461"}],"curies":[{"name":"wp","href":"https:\/\/api.w.org\/{rel}","templated":true}]}}