{"id":465,"date":"2026-04-09T14:06:17","date_gmt":"2026-04-09T14:06:17","guid":{"rendered":"https:\/\/www.contributive.org\/?page_id=465"},"modified":"2026-04-09T14:08:15","modified_gmt":"2026-04-09T14:08:15","slug":"les-indicateurs","status":"publish","type":"page","link":"https:\/\/www.contributive.org\/index.php\/les-indicateurs\/","title":{"rendered":"Les indicateurs"},"content":{"rendered":"\n<p>L&#8217;Initiative contributive a \u00e9tabli trois indicateurs macro\u00e9conomiques relatifs \u00e0 l&#8217;effort contributif des populations. L&#8217;effort contributif d\u00e9signe les heures d&#8217;activit\u00e9 contributive effectu\u00e9es.<\/p>\n\n\n\n<h2 class=\"wp-block-heading has-accent-1-color has-text-color has-link-color wp-elements-05876e885031aacbb5eaa33c5897fc37\" style=\"font-size:clamp(16.834px, 1.052rem + ((1vw - 3.2px) * 0.899), 26px);\">L&#8217;effort contributif des personnes (ECP)<\/h2>\n\n\n\n<p>L&#8217;effort contributif des personnes (ECP) donne la valeur de l&#8217;ensemble des heures contribu\u00e9es par une population donn\u00e9e. L&#8217;ECP d\u00e9voile la richesse produite gratuitement par l&#8217;ensemble des contributeurs. <\/p>\n\n\n\n<p>En 2022, au moment de l&#8217;\u00e9tude &#8220;<a href=\"https:\/\/www.contributive.org\/index.php\/premiere-mesure-radicale-de-lactivite-contributive\/\" data-type=\"page\" data-id=\"452\">Premi\u00e8re mesure radicale de l&#8217;effort contributif des Fran\u00e7ais<\/a>&#8220;, l&#8217;ECP a \u00e9t\u00e9 estim\u00e9 \u00e0 un minimum de 1557 Mds d&#8217;euros, soit l&#8217;\u00e9quivalent de 68% du PIB de l&#8217;\u00e9poque.<\/p>\n\n\n\n<p class=\"has-accent-1-color has-text-color has-link-color wp-elements-358ab5afed0937c6a088cc06eff23231\" style=\"font-size:clamp(16.834px, 1.052rem + ((1vw - 3.2px) * 0.899), 26px);\">Les heures contribu\u00e9es par personne (HCP)<\/p>\n\n\n\n<p>Les heures contribu\u00e9es par personne (HCP) correspondent \u00e0 la moyenne de temps consacr\u00e9 annuellement par personne \u00e0 l&#8217;activit\u00e9 contributive. L&#8217;HCP est le corrolaire de l&#8217;indicatif &#8220;Heures travaill\u00e9es par travailleur&#8221;. <\/p>\n\n\n\n<p>En 2022, au moment de l&#8217;\u00e9tude &#8220;<a href=\"https:\/\/www.contributive.org\/index.php\/premiere-mesure-radicale-de-lactivite-contributive\/\" data-type=\"page\" data-id=\"452\">Premi\u00e8re mesure radicale de l&#8217;effort contributif des Fran\u00e7ais<\/a>&#8220;, le HCP a \u00e9t\u00e9 estim\u00e9 \u00e0 un minimum de 1218 heures par an par personne soit l&#8217;\u00e9quivalent de 87% des heures travaill\u00e9es par travailleur de l&#8217;\u00e9poque.<\/p>\n\n\n\n<p>Ramen\u00e9 \u00e0 un temps d&#8217;activit\u00e9 hebdomadaire, le HCP correspond \u00e0 un peu plus de 23 heures par semaine.<\/p>\n\n\n\n<h2 class=\"wp-block-heading has-accent-1-color has-text-color has-link-color wp-elements-6d1e12c73b668d3c9fd68d9e80e635e4\" style=\"font-size:clamp(16.834px, 1.052rem + ((1vw - 3.2px) * 0.899), 26px);\">L&#8217;effort contributif individuel (ECI)<\/h2>\n\n\n\n<p>L&#8217;effort contributif individuel (ECI) correspond \u00e0 la valeur produite, en moyenne, par an, par chaque personne, avec son activit\u00e9 contributive. <\/p>\n\n\n\n<p>En 2022, au moment de l&#8217;\u00e9tude &#8220;<a href=\"https:\/\/www.contributive.org\/index.php\/premiere-mesure-radicale-de-lactivite-contributive\/\" data-type=\"page\" data-id=\"452\">Premi\u00e8re mesure radicale de l&#8217;effort contributif des Fran\u00e7ais<\/a>&#8220;, l&#8217;ECI a \u00e9t\u00e9 estim\u00e9 \u00e0 28\u00a0000 euros par an et par personne.<\/p>\n\n\n\n<p>Pour en savoir plus sur la m\u00e9thode de mesure (mesure radicale) et sur les sources utilis\u00e9es, consultez l&#8217;\u00e9tude.<\/p>\n\n\n\n<h2 class=\"wp-block-heading has-accent-1-color has-text-color has-link-color wp-elements-297b02aaf25425061e1a768b027e723b\" style=\"font-size:clamp(16.834px, 1.052rem + ((1vw - 3.2px) * 0.899), 26px);\">Ressources<\/h2>\n\n\n\n<p>L&#8217;\u00e9tude &#8220;Premi\u00e8re mesure radicale de l&#8217;activit\u00e9 contributive des Fran\u00e7ais&#8221;<\/p>\n\n\n\n<p>Synth\u00e8se de l&#8217;\u00e9tude &#8220;Premi\u00e8re mesure radicale de l&#8217;activit\u00e9 contributive des Fran\u00e7ais&#8221;<\/p>\n","protected":false},"excerpt":{"rendered":"<p>L&#8217;Initiative contributive a \u00e9tabli trois indicateurs macro\u00e9conomiques relatifs \u00e0 l&#8217;effort contributif des populations. L&#8217;effort contributif d\u00e9signe les heures d&#8217;activit\u00e9 contributive effectu\u00e9es. L&#8217;effort contributif des personnes (ECP) L&#8217;effort contributif des personnes (ECP) donne la valeur de l&#8217;ensemble des heures contribu\u00e9es par une population donn\u00e9e. L&#8217;ECP d\u00e9voile la richesse produite gratuitement par l&#8217;ensemble des contributeurs. En 2022, [&hellip;]<\/p>\n","protected":false},"author":1,"featured_media":0,"parent":0,"menu_order":0,"comment_status":"closed","ping_status":"closed","template":"","meta":{"footnotes":""},"class_list":["post-465","page","type-page","status-publish","hentry"],"_links":{"self":[{"href":"https:\/\/www.contributive.org\/index.php\/wp-json\/wp\/v2\/pages\/465","targetHints":{"allow":["GET"]}}],"collection":[{"href":"https:\/\/www.contributive.org\/index.php\/wp-json\/wp\/v2\/pages"}],"about":[{"href":"https:\/\/www.contributive.org\/index.php\/wp-json\/wp\/v2\/types\/page"}],"author":[{"embeddable":true,"href":"https:\/\/www.contributive.org\/index.php\/wp-json\/wp\/v2\/users\/1"}],"replies":[{"embeddable":true,"href":"https:\/\/www.contributive.org\/index.php\/wp-json\/wp\/v2\/comments?post=465"}],"version-history":[{"count":2,"href":"https:\/\/www.contributive.org\/index.php\/wp-json\/wp\/v2\/pages\/465\/revisions"}],"predecessor-version":[{"id":468,"href":"https:\/\/www.contributive.org\/index.php\/wp-json\/wp\/v2\/pages\/465\/revisions\/468"}],"wp:attachment":[{"href":"https:\/\/www.contributive.org\/index.php\/wp-json\/wp\/v2\/media?parent=465"}],"curies":[{"name":"wp","href":"https:\/\/api.w.org\/{rel}","templated":true}]}}