{"id":469,"date":"2026-04-10T12:24:22","date_gmt":"2026-04-10T12:24:22","guid":{"rendered":"https:\/\/www.contributive.org\/?page_id=469"},"modified":"2026-04-10T12:24:22","modified_gmt":"2026-04-10T12:24:22","slug":"bilan-contributif","status":"publish","type":"page","link":"https:\/\/www.contributive.org\/index.php\/bilan-contributif\/","title":{"rendered":"Bilan contributif"},"content":{"rendered":"\n<p>Le bilan contributif est un r\u00e9f\u00e9rentiel qui permet de cartographier et de mesurer l&#8217;effort contributif d&#8217;une organisation &#8211; entreprise, association, institution &#8211; ou d&#8217;un territoire.<\/p>\n\n\n\n<p>Une V0 du bilan contributif \u00e0 destination des entreprises est disponible. Son \u00e9volution et son exp\u00e9rimentation font partie des travaux du Cercle &#8220;Entreprises et \u00e9conomie contributive&#8221;.<\/p>\n\n\n\n<p>La feuille de route de l&#8217;Initiative contributive inclut le d\u00e9veloppement des autres versions \u00e0 destinations des associations, institutions et terrritoires.<\/p>\n\n\n\n<h2 class=\"wp-block-heading has-accent-1-color has-text-color has-link-color wp-elements-ca722034af4730067fa94e06b9f4469c\" style=\"font-size:clamp(18.959px, 1.185rem + ((1vw - 3.2px) * 1.082), 30px);\">Le bilan contributif des entreprises<\/h2>\n\n\n\n<h3 class=\"wp-block-heading has-accent-1-color has-text-color has-link-color wp-elements-299e0cdc4058404e2e6a06900e95e16f\" style=\"font-size:clamp(16.834px, 1.052rem + ((1vw - 3.2px) * 0.899), 26px);\">Fondements<\/h3>\n\n\n\n<p>Tout, dans l\u2019activit\u00e9 productive des hommes et des organisations, ne peut pas \u00eatre mon\u00e9tis\u00e9.<\/p>\n\n\n\n<p>Une partie de l\u2019activit\u00e9 productive est op\u00e9r\u00e9e sans mod\u00e8le \u00e9conomique propre, parce qu\u2019elle est le pr\u00e9alable \u00e0 toute autre forme d\u2019activit\u00e9, ou en vue de participer \u00e0 l\u2019int\u00e9r\u00eat g\u00e9n\u00e9ral.<\/p>\n\n\n\n<p>Cette partie non mon\u00e9tis\u00e9e ou non lucrative de l\u2019activit\u00e9 productive constitue \u00ab&nbsp;l\u2019activit\u00e9 contributive&nbsp;\u00bb.<\/p>\n\n\n\n<p>Toutes les entreprises font de l\u2019activit\u00e9 contributive.<\/p>\n\n\n\n<p>Comment, dans quels domaines, dans quelles proportions, \u00e0 quelles fins, et avec quels effets sur la triple performance, \u00e9conomique, sociale et environnementale, telles sont les questions auxquelles r\u00e9pond le bilan contributif des entreprises et des organisations.<\/p>\n\n\n\n<p>Conna\u00eetre, qualifier et mesurer l\u2019activit\u00e9 contributive d\u2019une entreprise permet d\u2019avoir des informations fiables, document\u00e9es et claires, sur son engagement r\u00e9el en mati\u00e8re environnementale et sociale, mais aussi sur sa d\u00e9marche qualit\u00e9, et sur la qualit\u00e9 de vie au travail.<\/p>\n\n\n\n<h3 class=\"wp-block-heading has-accent-1-color has-text-color has-link-color wp-elements-8866a8afbb472c6d0ee1f9208686c01c\" style=\"font-size:clamp(16.834px, 1.052rem + ((1vw - 3.2px) * 0.899), 26px);\">Pr\u00e9sentation<\/h3>\n\n\n\n<p>Le <strong>Bilan contributif<\/strong> est une synth\u00e8se qui analyse conjointement la RSE et la d\u00e9marche Qualit\u00e9 d\u2019une organisation afin d\u2019\u00e9valuer sa contribution aux impacts sociaux, soci\u00e9taux, immat\u00e9riels et environnementaux. Il met en \u00e9vidence son identit\u00e9 contributive, ses orientations et la r\u00e9alit\u00e9 de ses engagements \u00e0 travers des indices et des cartographies.<\/p>\n\n\n\n<p>Id\u00e9alement fond\u00e9 sur une collecte participative impliquant l\u2019ensemble des collaborateurs, il peut aussi \u00eatre \u00e9tabli \u00e0 partir des seules donn\u00e9es institutionnelles et financi\u00e8res li\u00e9es \u00e0 la durabilit\u00e9 et \u00e0 la qualit\u00e9.<\/p>\n\n\n\n<p>Comparables d\u2019une organisation \u00e0 l\u2019autre, simples, exprim\u00e9es en unit\u00e9s mon\u00e9taires ou en ratios, les informations du Bilan contributif permettent de suivre avec pr\u00e9cision les impacts de la politique durabilit\u00e9 et de la d\u00e9marche qualit\u00e9 sur la performance \u00e9conomique et sur la performance sociale.<\/p>\n\n\n\n<p>A ce titre, le Bilan contributif est un outil qui permet de r\u00e9concilier les trois performances&nbsp;: \u00e9conomique, sociale et environnementale.<\/p>\n\n\n\n<h2 class=\"wp-block-heading\" style=\"font-size:clamp(16.834px, 1.052rem + ((1vw - 3.2px) * 0.899), 26px);\"><a>Une approche par l&#8217;effort<\/a> <\/h2>\n\n\n\n<p>Compl\u00e9ment et synth\u00e8se du reporting durabilit\u00e9, le Bilan contributif montre comment l\u2019entreprise contribue au d\u00e9veloppement social, environnemental, immat\u00e9riel et \u00e9conomique de ses \u00e9cosyst\u00e8mes. Il <strong>d\u00e9tecte, mesure et inspire<\/strong> les contributions de l\u2019entreprise et de ses collaborateurs. Il apporte des informations mat\u00e9rielles mais aussi financi\u00e8res puisqu\u2019il valorise l\u2019ensemble des d\u00e9marches RSE, contributives et participatives \u00e0 partir de leur co\u00fbt r\u00e9el&nbsp;: achats et masse salariale.<\/p>\n\n\n\n<p>Ce co\u00fbt traduit \u00ab\u00a0l\u2019effort\u00a0\u00bb d\u2019une organisation en mati\u00e8re RSE et contributive.<\/p>\n\n\n\n<p>Trois postulats fondent la mesure de l\u2019effort contributif :<\/p>\n\n\n\n<ol class=\"wp-block-list\">\n<li><strong>Toute action RSE implique un effort mesurable<\/strong> (travail, d\u00e9penses), ce qui en fait un indicateur fiable de l\u2019intensit\u00e9 r\u00e9elle des engagements.<\/li>\n\n\n\n<li><strong>Une part significative de l\u2019effort contributif est informelle<\/strong> : les collaborateurs y consacrent du temps non reconnu, distinct du temps op\u00e9rationnel. Ce temps, aujourd\u2019hui invisible, est pourtant essentiel \u00e0 la coh\u00e9sion, \u00e0 la qualit\u00e9 de vie au travail et \u00e0 la performance, et constitue un levier strat\u00e9gique \u00e0 valoriser.<\/li>\n\n\n\n<li><strong>L\u2019effort contributif peut \u00eatre analys\u00e9 comme un investissement<\/strong> : il g\u00e9n\u00e8re des impacts multiples (sociaux, environnementaux, organisationnels) et contribue \u00e0 la performance globale. Si la mesure directe des impacts reste partielle, il est possible de suivre des trajectoires de performance en fonction des investissements engag\u00e9s.<\/li>\n<\/ol>\n\n\n\n<p>Enfin, pour compenser les limites d\u2019une approche par l\u2019effort seul, le bilan int\u00e8gre des <strong>indicateurs de r\u00e9sultats RSE et de qualit\u00e9<\/strong>, afin d\u2019\u00e9valuer l\u2019efficacit\u00e9 r\u00e9elle des actions.<\/p>\n\n\n\n<h2 class=\"wp-block-heading\" style=\"font-size:clamp(16.834px, 1.052rem + ((1vw - 3.2px) * 0.899), 26px);\"><a>Interop\u00e9rabilit\u00e9 avec les principaux cadres de r\u00e9f\u00e9rence RSE<\/a><\/h2>\n\n\n\n<p>Le Bilan contributif enrichit le reporting durabilit\u00e9, le rapport de mission ou le rapport int\u00e9gr\u00e9. A ce titre, il est interop\u00e9rable avec les principales r\u00e9f\u00e9rences en la mati\u00e8re et notamment&nbsp;:<\/p>\n\n\n\n<ul class=\"wp-block-list\">\n<li>les ESRS,<\/li>\n\n\n\n<li>les IFRS S1 et S2,<\/li>\n\n\n\n<li>la norme ISO 26\u00a0000,<\/li>\n\n\n\n<li>les 17 Objectifs de D\u00e9veloppement Durable,<\/li>\n\n\n\n<li>les 7 questions traditionnellement structurantes du reporting RSE (Gouvernance et organisation, Droits de l\u2019Homme, Relations et conditions de travail, Environnement, Loyaut\u00e9 des pratiques, Questions relatives aux consommateurs, Communaut\u00e9s et d\u00e9veloppement local),<\/li>\n\n\n\n<li>les labels <em>Great Place to Work<\/em> ou <em>B-Corp<\/em>.<\/li>\n<\/ul>\n\n\n\n<p>Cette interop\u00e9rabilit\u00e9 concerne autant le contenu (les mati\u00e8res) que les exigences de reporting.<\/p>\n\n\n\n<h2 class=\"wp-block-heading has-accent-1-color has-text-color has-link-color wp-elements-f337baf8b05c518848e80dab811afc88\" style=\"font-size:clamp(18.959px, 1.185rem + ((1vw - 3.2px) * 1.082), 30px);\">Ressources<\/h2>\n\n\n\n<p>Le Bilan est diffus\u00e9 sous licence Creative Commons CC BY ND NC. Pour en savoir plus ou pour le consultez, <a href=\"https:\/\/www.contributive.org\/index.php\/contact\/\" data-type=\"page\" data-id=\"354\">contactez-nous.<\/a><\/p>\n","protected":false},"excerpt":{"rendered":"<p>Le bilan contributif est un r\u00e9f\u00e9rentiel qui permet de cartographier et de mesurer l&#8217;effort contributif d&#8217;une organisation &#8211; entreprise, association, institution &#8211; ou d&#8217;un territoire. Une V0 du bilan contributif \u00e0 destination des entreprises est disponible. Son \u00e9volution et son exp\u00e9rimentation font partie des travaux du Cercle &#8220;Entreprises et \u00e9conomie contributive&#8221;. La feuille de route [&hellip;]<\/p>\n","protected":false},"author":1,"featured_media":0,"parent":0,"menu_order":0,"comment_status":"closed","ping_status":"closed","template":"","meta":{"footnotes":""},"class_list":["post-469","page","type-page","status-publish","hentry"],"_links":{"self":[{"href":"https:\/\/www.contributive.org\/index.php\/wp-json\/wp\/v2\/pages\/469","targetHints":{"allow":["GET"]}}],"collection":[{"href":"https:\/\/www.contributive.org\/index.php\/wp-json\/wp\/v2\/pages"}],"about":[{"href":"https:\/\/www.contributive.org\/index.php\/wp-json\/wp\/v2\/types\/page"}],"author":[{"embeddable":true,"href":"https:\/\/www.contributive.org\/index.php\/wp-json\/wp\/v2\/users\/1"}],"replies":[{"embeddable":true,"href":"https:\/\/www.contributive.org\/index.php\/wp-json\/wp\/v2\/comments?post=469"}],"version-history":[{"count":2,"href":"https:\/\/www.contributive.org\/index.php\/wp-json\/wp\/v2\/pages\/469\/revisions"}],"predecessor-version":[{"id":473,"href":"https:\/\/www.contributive.org\/index.php\/wp-json\/wp\/v2\/pages\/469\/revisions\/473"}],"wp:attachment":[{"href":"https:\/\/www.contributive.org\/index.php\/wp-json\/wp\/v2\/media?parent=469"}],"curies":[{"name":"wp","href":"https:\/\/api.w.org\/{rel}","templated":true}]}}