{"id":478,"date":"2026-04-10T12:45:28","date_gmt":"2026-04-10T12:45:28","guid":{"rendered":"https:\/\/www.contributive.org\/?page_id=478"},"modified":"2026-04-10T12:48:46","modified_gmt":"2026-04-10T12:48:46","slug":"droits-dauteur","status":"publish","type":"page","link":"https:\/\/www.contributive.org\/index.php\/droits-dauteur\/","title":{"rendered":"Droits d&#8217;auteur"},"content":{"rendered":"\n<p>Sauf mention contraire, l\u2019ensemble des contenus originaux publi\u00e9s sur le site <a href=\"https:\/\/www.contributive.org\">https:\/\/www.contributive.org<\/a> (textes, documents, rapports, donn\u00e9es, graphismes) est prot\u00e9g\u00e9 par le droit de la propri\u00e9t\u00e9 intellectuelle.<\/p>\n\n\n\n<p>Ces contenus sont mis \u00e0 disposition sous licence <strong>Creative Commons CC BY-NC-ND 4.0<\/strong><br>(Attribution \u2013 Pas d\u2019utilisation commerciale \u2013 Pas de modification : les contenus peuvent \u00eatre partag\u00e9s \u00e0 condition de citer l\u2019auteur, sans usage commercial et sans modification)<br><\/p>\n\n\n\n<p>En savoir plus sur la licence : <a href=\"https:\/\/creativecommons.org\/licenses\/by-nc-nd\/4.0\/deed.fr\">https:\/\/creativecommons.org\/licenses\/by-nc-nd\/4.0\/deed.fr<\/a><\/p>\n\n\n\n<p>Les illustrations, logos, \u00e9l\u00e9ments graphiques et contenus audiovisuels sont prot\u00e9g\u00e9s par le droit d\u2019auteur et\/ou le droit des marques. Toute reproduction ou utilisation sans autorisation pr\u00e9alable est interdite.<\/p>\n\n\n\n<p>Les contenus publi\u00e9s par des auteurs tiers restent la propri\u00e9t\u00e9 exclusive de leurs auteurs et sont prot\u00e9g\u00e9s par les l\u00e9gislations en vigueur relatives \u00e0 la propri\u00e9t\u00e9 intellectuelle.<\/p>\n","protected":false},"excerpt":{"rendered":"<p>Sauf mention contraire, l\u2019ensemble des contenus originaux publi\u00e9s sur le site https:\/\/www.contributive.org (textes, documents, rapports, donn\u00e9es, graphismes) est prot\u00e9g\u00e9 par le droit de la propri\u00e9t\u00e9 intellectuelle. Ces contenus sont mis \u00e0 disposition sous licence Creative Commons CC BY-NC-ND 4.0(Attribution \u2013 Pas d\u2019utilisation commerciale \u2013 Pas de modification : les contenus peuvent \u00eatre partag\u00e9s \u00e0 condition [&hellip;]<\/p>\n","protected":false},"author":1,"featured_media":0,"parent":0,"menu_order":0,"comment_status":"closed","ping_status":"closed","template":"","meta":{"footnotes":""},"class_list":["post-478","page","type-page","status-publish","hentry"],"_links":{"self":[{"href":"https:\/\/www.contributive.org\/index.php\/wp-json\/wp\/v2\/pages\/478","targetHints":{"allow":["GET"]}}],"collection":[{"href":"https:\/\/www.contributive.org\/index.php\/wp-json\/wp\/v2\/pages"}],"about":[{"href":"https:\/\/www.contributive.org\/index.php\/wp-json\/wp\/v2\/types\/page"}],"author":[{"embeddable":true,"href":"https:\/\/www.contributive.org\/index.php\/wp-json\/wp\/v2\/users\/1"}],"replies":[{"embeddable":true,"href":"https:\/\/www.contributive.org\/index.php\/wp-json\/wp\/v2\/comments?post=478"}],"version-history":[{"count":2,"href":"https:\/\/www.contributive.org\/index.php\/wp-json\/wp\/v2\/pages\/478\/revisions"}],"predecessor-version":[{"id":481,"href":"https:\/\/www.contributive.org\/index.php\/wp-json\/wp\/v2\/pages\/478\/revisions\/481"}],"wp:attachment":[{"href":"https:\/\/www.contributive.org\/index.php\/wp-json\/wp\/v2\/media?parent=478"}],"curies":[{"name":"wp","href":"https:\/\/api.w.org\/{rel}","templated":true}]}}