{"id":482,"date":"2026-04-10T14:30:49","date_gmt":"2026-04-10T14:30:49","guid":{"rendered":"https:\/\/www.contributive.org\/?page_id=482"},"modified":"2026-04-10T14:30:49","modified_gmt":"2026-04-10T14:30:49","slug":"politique-de-confidentialite","status":"publish","type":"page","link":"https:\/\/www.contributive.org\/index.php\/politique-de-confidentialite\/","title":{"rendered":"Politique de confidentialit\u00e9"},"content":{"rendered":"\n<h2 class=\"wp-block-heading has-accent-1-color has-text-color has-link-color wp-elements-2e2a9e1f6609a2178b4421693fa8c599\" style=\"font-size:clamp(16.834px, 1.052rem + ((1vw - 3.2px) * 0.899), 26px);\">1. Responsable du traitement<\/h2>\n\n\n\n<p>La <strong>directrice de la publication et responsable des traitements<\/strong> est : <strong>Carole Lipsyc<\/strong>, Directrice de la recherche<\/p>\n\n\n\n<hr class=\"wp-block-separator has-alpha-channel-opacity\"\/>\n\n\n\n<h2 class=\"wp-block-heading has-accent-1-color has-text-color has-link-color wp-elements-81d186ee78e2582c3e8539d66c33e793\" style=\"font-size:clamp(16.834px, 1.052rem + ((1vw - 3.2px) * 0.899), 26px);\">2. Donn\u00e9es collect\u00e9es<\/h2>\n\n\n\n<p>Le site collecte uniquement les donn\u00e9es transmises volontairement via le formulaire de contact ou par email, notamment :<\/p>\n\n\n\n<ul class=\"wp-block-list\">\n<li>nom et pr\u00e9nom (si fournis)<\/li>\n\n\n\n<li>adresse email<\/li>\n\n\n\n<li>contenu du message<\/li>\n<\/ul>\n\n\n\n<p>Aucune donn\u00e9e sensible n\u2019est volontairement collect\u00e9e.<\/p>\n\n\n\n<hr class=\"wp-block-separator has-alpha-channel-opacity\"\/>\n\n\n\n<h2 class=\"wp-block-heading has-accent-1-color has-text-color has-link-color wp-elements-b2f4ddcbe1b524942c016715a92c8711\" style=\"font-size:clamp(16.834px, 1.052rem + ((1vw - 3.2px) * 0.899), 26px);\">3. Finalit\u00e9 du traitement<\/h2>\n\n\n\n<p>Les donn\u00e9es sont collect\u00e9es exclusivement pour :<\/p>\n\n\n\n<ul class=\"wp-block-list\">\n<li>assurer le suivi des communications institutionnelles lorsque la personne y a consenti<\/li>\n\n\n\n<li>r\u00e9pondre aux demandes envoy\u00e9es via le formulaire de contact<\/li>\n\n\n\n<li>assurer les \u00e9changes li\u00e9s aux activit\u00e9s, projets ou publications de l\u2019Initiative Contributive<\/li>\n<\/ul>\n\n\n\n<hr class=\"wp-block-separator has-alpha-channel-opacity\"\/>\n\n\n\n<h2 class=\"wp-block-heading has-accent-1-color has-text-color has-link-color wp-elements-f97f2e34dc32b3dd5f0e79ca5f77a907\" style=\"font-size:clamp(16.834px, 1.052rem + ((1vw - 3.2px) * 0.899), 26px);\">4. Base l\u00e9gale du traitement<\/h2>\n\n\n\n<p>Les traitements de donn\u00e9es personnelles mis en \u0153uvre reposent sur :<\/p>\n\n\n\n<ul class=\"wp-block-list\">\n<li>le consentement de la personne concern\u00e9e, lorsqu\u2019elle accepte de recevoir des communications institutionnelles et la newsletter ;<\/li>\n\n\n\n<li>l\u2019int\u00e9r\u00eat l\u00e9gitime de l\u2019\u00e9diteur, pour r\u00e9pondre aux demandes adress\u00e9es via le formulaire de contact et assurer le suivi des \u00e9changes.<\/li>\n<\/ul>\n\n\n\n<hr class=\"wp-block-separator has-alpha-channel-opacity\"\/>\n\n\n\n<h2 class=\"wp-block-heading has-accent-1-color has-text-color has-link-color wp-elements-78b0672b6540146c567d2d93a4bec8a0\" style=\"font-size:clamp(16.834px, 1.052rem + ((1vw - 3.2px) * 0.899), 26px);\">5. Communications institutionnelles et newsletter<\/h2>\n\n\n\n<p>Les donn\u00e9es collect\u00e9es via le formulaire de contact peuvent, avec le consentement explicite de la personne concern\u00e9e, \u00eatre utilis\u00e9es pour l\u2019envoi de communications institutionnelles et de la newsletter de l\u2019Initiative Contributive.<\/p>\n\n\n\n<p>Chaque communication inclut un lien de d\u00e9sinscription permettant de retirer son consentement \u00e0 tout moment.<\/p>\n\n\n\n<hr class=\"wp-block-separator has-alpha-channel-opacity\"\/>\n\n\n\n<h2 class=\"wp-block-heading has-accent-1-color has-text-color has-link-color wp-elements-bedf0130cf1535f9a025fd50c8acc9cb\" style=\"font-size:clamp(16.834px, 1.052rem + ((1vw - 3.2px) * 0.899), 26px);\">6. Dur\u00e9e de conservation<\/h2>\n\n\n\n<p>Les donn\u00e9es personnelles collect\u00e9es via le formulaire de contact sont conserv\u00e9es uniquement pendant la dur\u00e9e n\u00e9cessaire au traitement de la demande, puis supprim\u00e9es ou archiv\u00e9es pour une dur\u00e9e maximale indicative de 12 mois \u00e0 compter du dernier \u00e9change.<\/p>\n\n\n\n<p>Les donn\u00e9es utilis\u00e9es \u00e0 des fins d\u2019envoi de communications institutionnelles et de newsletter sont conserv\u00e9es tant que la personne reste inscrite et n\u2019a pas retir\u00e9 son consentement. En cas de d\u00e9sinscription, les donn\u00e9es sont supprim\u00e9es sans d\u00e9lai excessif, sauf obligation l\u00e9gale ou archivage justifi\u00e9.<\/p>\n\n\n\n<hr class=\"wp-block-separator has-alpha-channel-opacity\"\/>\n\n\n\n<h2 class=\"wp-block-heading has-accent-1-color has-text-color has-link-color wp-elements-14eb6a716cc55a3775f5687ab2ab0bda\" style=\"font-size:clamp(16.834px, 1.052rem + ((1vw - 3.2px) * 0.899), 26px);\">7. S\u00e9curit\u00e9 des donn\u00e9es<\/h2>\n\n\n\n<p>L\u2019\u00e9diteur met en \u0153uvre des mesures raisonnables pour prot\u00e9ger les donn\u00e9es contre :<\/p>\n\n\n\n<ul class=\"wp-block-list\">\n<li>la perte<\/li>\n\n\n\n<li>l\u2019acc\u00e8s non autoris\u00e9<\/li>\n\n\n\n<li>la divulgation ou alt\u00e9ration<\/li>\n<\/ul>\n\n\n\n<hr class=\"wp-block-separator has-alpha-channel-opacity\"\/>\n\n\n\n<h2 class=\"wp-block-heading has-accent-1-color has-text-color has-link-color wp-elements-200b49700cdb60c56ea2a99cc00f61e0\" style=\"font-size:clamp(16.834px, 1.052rem + ((1vw - 3.2px) * 0.899), 26px);\">8. Droits des personnes<\/h2>\n\n\n\n<p>Conform\u00e9ment au R\u00e8glement G\u00e9n\u00e9ral sur la Protection des Donn\u00e9es (RGPD \u2013 UE 2016\/679), vous disposez des droits suivants :<\/p>\n\n\n\n<ul class=\"wp-block-list\">\n<li>droit d\u2019acc\u00e8s<\/li>\n\n\n\n<li>droit de rectification<\/li>\n\n\n\n<li>droit d\u2019effacement<\/li>\n\n\n\n<li>droit de limitation du traitement<\/li>\n\n\n\n<li>droit d\u2019opposition<\/li>\n<\/ul>\n\n\n\n<p>Ces droits peuvent \u00eatre exerc\u00e9s \u00e0 tout moment \u00e0 l\u2019adresse : <strong><a>contact@contributive.org<\/a><\/strong><\/p>\n\n\n\n<hr class=\"wp-block-separator has-alpha-channel-opacity\"\/>\n\n\n\n<h2 class=\"wp-block-heading has-accent-1-color has-text-color has-link-color wp-elements-a707e09f1644ae6cb34d567adef7ef02\" style=\"font-size:clamp(16.834px, 1.052rem + ((1vw - 3.2px) * 0.899), 26px);\">9. Cookies<\/h2>\n\n\n\n<p>Le site n\u2019utilise pas de cookies de tra\u00e7age.<\/p>\n\n\n\n<p>Seuls des cookies strictement techniques n\u00e9cessaires au fonctionnement du site peuvent \u00eatre utilis\u00e9s, le cas \u00e9ch\u00e9ant.<\/p>\n\n\n\n<hr class=\"wp-block-separator has-alpha-channel-opacity\"\/>\n\n\n\n<h2 class=\"wp-block-heading has-accent-1-color has-text-color has-link-color wp-elements-6823628475c43c6122911f000c411487\" style=\"font-size:clamp(16.834px, 1.052rem + ((1vw - 3.2px) * 0.899), 26px);\">10. Contact<\/h2>\n\n\n\n<p>Pour toute question relative \u00e0 la protection des donn\u00e9es personnelles : <a>contact@contributive.org<\/a><\/p>\n\n\n\n<hr class=\"wp-block-separator has-alpha-channel-opacity\"\/>\n\n\n\n<h2 class=\"wp-block-heading has-accent-1-color has-text-color has-link-color wp-elements-d9508f185ee42af2d6389d66cbdaaf28\" style=\"font-size:clamp(16.834px, 1.052rem + ((1vw - 3.2px) * 0.899), 26px);\">11. Modification de la politique<\/h2>\n\n\n\n<p>La pr\u00e9sente politique peut \u00eatre mise \u00e0 jour \u00e0 tout moment afin de rester conforme aux \u00e9volutions l\u00e9gales ou techniques.<\/p>\n","protected":false},"excerpt":{"rendered":"<p>1. Responsable du traitement La directrice de la publication et responsable des traitements est : Carole Lipsyc, Directrice de la recherche 2. Donn\u00e9es collect\u00e9es Le site collecte uniquement les donn\u00e9es transmises volontairement via le formulaire de contact ou par email, notamment : Aucune donn\u00e9e sensible n\u2019est volontairement collect\u00e9e. 3. Finalit\u00e9 du traitement Les donn\u00e9es sont [&hellip;]<\/p>\n","protected":false},"author":1,"featured_media":0,"parent":0,"menu_order":0,"comment_status":"closed","ping_status":"closed","template":"","meta":{"footnotes":""},"class_list":["post-482","page","type-page","status-publish","hentry"],"_links":{"self":[{"href":"https:\/\/www.contributive.org\/index.php\/wp-json\/wp\/v2\/pages\/482","targetHints":{"allow":["GET"]}}],"collection":[{"href":"https:\/\/www.contributive.org\/index.php\/wp-json\/wp\/v2\/pages"}],"about":[{"href":"https:\/\/www.contributive.org\/index.php\/wp-json\/wp\/v2\/types\/page"}],"author":[{"embeddable":true,"href":"https:\/\/www.contributive.org\/index.php\/wp-json\/wp\/v2\/users\/1"}],"replies":[{"embeddable":true,"href":"https:\/\/www.contributive.org\/index.php\/wp-json\/wp\/v2\/comments?post=482"}],"version-history":[{"count":3,"href":"https:\/\/www.contributive.org\/index.php\/wp-json\/wp\/v2\/pages\/482\/revisions"}],"predecessor-version":[{"id":487,"href":"https:\/\/www.contributive.org\/index.php\/wp-json\/wp\/v2\/pages\/482\/revisions\/487"}],"wp:attachment":[{"href":"https:\/\/www.contributive.org\/index.php\/wp-json\/wp\/v2\/media?parent=482"}],"curies":[{"name":"wp","href":"https:\/\/api.w.org\/{rel}","templated":true}]}}